{"id":21,"date":"2023-01-06T10:26:54","date_gmt":"2023-01-06T10:26:54","guid":{"rendered":"http:\/\/bintigroup.com\/?page_id=21"},"modified":"2024-05-03T18:02:49","modified_gmt":"2024-05-03T16:02:49","slug":"clientlogin","status":"publish","type":"page","link":"https:\/\/bintigroup.com\/uk\/%d0%bb%d0%be%d0%b3%d1%96%d0%bd-%d0%ba%d0%bb%d1%96%d1%94%d0%bd%d1%82%d0%b0\/","title":{"rendered":"\u041f\u0456\u0434\u0445\u0456\u0434 \u0434\u043e \u043a\u043b\u0456\u0454\u043d\u0442\u0430"},"content":{"rendered":"<div data-elementor-type=\"wp-page\" data-elementor-id=\"21\" class=\"elementor elementor-21\" data-elementor-post-type=\"page\">\n\t\t\t\t\t\t\t\t\t<section class=\"elementor-section elementor-top-section elementor-element elementor-element-6217034 elementor-section-full_width elementor-section-height-default elementor-section-height-default\" data-id=\"6217034\" data-element_type=\"section\" data-settings=\"{&quot;background_background&quot;:&quot;classic&quot;}\">\n\t\t\t\t\t\t\t<div class=\"elementor-background-overlay\"><\/div>\n\t\t\t\t\t\t\t<div class=\"elementor-container elementor-column-gap-no\">\n\t\t\t\t\t<div class=\"elementor-column elementor-col-100 elementor-top-column elementor-element elementor-element-2fb001b\" data-id=\"2fb001b\" data-element_type=\"column\" data-settings=\"{&quot;background_background&quot;:&quot;classic&quot;}\">\n\t\t\t<div class=\"elementor-widget-wrap elementor-element-populated\">\n\t\t\t\t\t<div class=\"elementor-background-overlay\"><\/div>\n\t\t\t\t\t\t\t\t<div class=\"elementor-element elementor-element-a9867fc elementor-widget-divider--view-line elementor-widget elementor-widget-divider\" data-id=\"a9867fc\" data-element_type=\"widget\" data-widget_type=\"divider.default\">\n\t\t\t\t<div class=\"elementor-widget-container\">\n\t\t\t<style>\/*! elementor - v3.18.0 - 20-12-2023 *\/\n.elementor-widget-divider{--divider-border-style:none;--divider-border-width:1px;--divider-color:#0c0d0e;--divider-icon-size:20px;--divider-element-spacing:10px;--divider-pattern-height:24px;--divider-pattern-size:20px;--divider-pattern-url:none;--divider-pattern-repeat:repeat-x}.elementor-widget-divider .elementor-divider{display:flex}.elementor-widget-divider .elementor-divider__text{font-size:15px;line-height:1;max-width:95%}.elementor-widget-divider .elementor-divider__element{margin:0 var(--divider-element-spacing);flex-shrink:0}.elementor-widget-divider .elementor-icon{font-size:var(--divider-icon-size)}.elementor-widget-divider .elementor-divider-separator{display:flex;margin:0;direction:ltr}.elementor-widget-divider--view-line_icon .elementor-divider-separator,.elementor-widget-divider--view-line_text .elementor-divider-separator{align-items:center}.elementor-widget-divider--view-line_icon .elementor-divider-separator:after,.elementor-widget-divider--view-line_icon .elementor-divider-separator:before,.elementor-widget-divider--view-line_text .elementor-divider-separator:after,.elementor-widget-divider--view-line_text .elementor-divider-separator:before{display:block;content:\"\";border-bottom:0;flex-grow:1;border-top:var(--divider-border-width) var(--divider-border-style) var(--divider-color)}.elementor-widget-divider--element-align-left .elementor-divider .elementor-divider-separator>.elementor-divider__svg:first-of-type{flex-grow:0;flex-shrink:100}.elementor-widget-divider--element-align-left .elementor-divider-separator:before{content:none}.elementor-widget-divider--element-align-left .elementor-divider__element{margin-left:0}.elementor-widget-divider--element-align-right .elementor-divider .elementor-divider-separator>.elementor-divider__svg:last-of-type{flex-grow:0;flex-shrink:100}.elementor-widget-divider--element-align-right .elementor-divider-separator:after{content:none}.elementor-widget-divider--element-align-right .elementor-divider__element{margin-right:0}.elementor-widget-divider:not(.elementor-widget-divider--view-line_text):not(.elementor-widget-divider--view-line_icon) .elementor-divider-separator{border-top:var(--divider-border-width) var(--divider-border-style) var(--divider-color)}.elementor-widget-divider--separator-type-pattern{--divider-border-style:none}.elementor-widget-divider--separator-type-pattern.elementor-widget-divider--view-line .elementor-divider-separator,.elementor-widget-divider--separator-type-pattern:not(.elementor-widget-divider--view-line) .elementor-divider-separator:after,.elementor-widget-divider--separator-type-pattern:not(.elementor-widget-divider--view-line) .elementor-divider-separator:before,.elementor-widget-divider--separator-type-pattern:not([class*=elementor-widget-divider--view]) .elementor-divider-separator{width:100%;min-height:var(--divider-pattern-height);-webkit-mask-size:var(--divider-pattern-size) 100%;mask-size:var(--divider-pattern-size) 100%;-webkit-mask-repeat:var(--divider-pattern-repeat);mask-repeat:var(--divider-pattern-repeat);background-color:var(--divider-color);-webkit-mask-image:var(--divider-pattern-url);mask-image:var(--divider-pattern-url)}.elementor-widget-divider--no-spacing{--divider-pattern-size:auto}.elementor-widget-divider--bg-round{--divider-pattern-repeat:round}.rtl .elementor-widget-divider .elementor-divider__text{direction:rtl}.e-con-inner>.elementor-widget-divider,.e-con>.elementor-widget-divider{width:var(--container-widget-width,100%);--flex-grow:var(--container-widget-flex-grow)}<\/style>\t\t<div class=\"elementor-divider\">\n\t\t\t<span class=\"elementor-divider-separator\">\n\t\t\t\t\t\t<\/span>\n\t\t<\/div>\n\t\t\t\t<\/div>\n\t\t\t\t<\/div>\n\t\t\t\t<div class=\"elementor-element elementor-element-a0c5d64 elementor-widget elementor-widget-heading\" data-id=\"a0c5d64\" data-element_type=\"widget\" data-widget_type=\"heading.default\">\n\t\t\t\t<div class=\"elementor-widget-container\">\n\t\t\t<style>\/*! elementor - v3.18.0 - 20-12-2023 *\/\n.elementor-heading-title{padding:0;margin:0;line-height:1}.elementor-widget-heading .elementor-heading-title[class*=elementor-size-]>a{color:inherit;font-size:inherit;line-height:inherit}.elementor-widget-heading .elementor-heading-title.elementor-size-small{font-size:15px}.elementor-widget-heading .elementor-heading-title.elementor-size-medium{font-size:19px}.elementor-widget-heading .elementor-heading-title.elementor-size-large{font-size:29px}.elementor-widget-heading .elementor-heading-title.elementor-size-xl{font-size:39px}.elementor-widget-heading .elementor-heading-title.elementor-size-xxl{font-size:59px}<\/style><h1 class=\"elementor-heading-title elementor-size-default\">\u041f\u0456\u0434\u0445\u0456\u0434 \u0434\u043e \u043a\u043b\u0456\u0454\u043d\u0442\u0430<\/h1>\t\t<\/div>\n\t\t\t\t<\/div>\n\t\t\t\t<div class=\"elementor-element elementor-element-1436643 elementor-widget elementor-widget-text-editor\" data-id=\"1436643\" data-element_type=\"widget\" data-widget_type=\"text-editor.default\">\n\t\t\t\t<div class=\"elementor-widget-container\">\n\t\t\t<style>\/*! elementor - v3.18.0 - 20-12-2023 *\/\n.elementor-widget-text-editor.elementor-drop-cap-view-stacked .elementor-drop-cap{background-color:#69727d;color:#fff}.elementor-widget-text-editor.elementor-drop-cap-view-framed .elementor-drop-cap{color:#69727d;border:3px solid;background-color:transparent}.elementor-widget-text-editor:not(.elementor-drop-cap-view-default) .elementor-drop-cap{margin-top:8px}.elementor-widget-text-editor:not(.elementor-drop-cap-view-default) .elementor-drop-cap-letter{width:1em;height:1em}.elementor-widget-text-editor .elementor-drop-cap{float:left;text-align:center;line-height:1;font-size:50px}.elementor-widget-text-editor .elementor-drop-cap-letter{display:inline-block}<\/style>\t\t\t\t\u0412\u0438\u043a\u043e\u0440\u0438\u0441\u0442\u043e\u0432\u0443\u0439\u0442\u0435 \u043f\u0440\u0438\u0437\u043d\u0430\u0447\u0435\u043d\u0456 \u0432\u0430\u043c \u0434\u0430\u043d\u0456 \u0434\u043b\u044f \u0432\u0445\u043e\u0434\u0443. \u0423 \u0440\u0430\u0437\u0456 \u0432\u0438\u043d\u0438\u043a\u043d\u0435\u043d\u043d\u044f \u043f\u0440\u043e\u0431\u043b\u0435\u043c, \u0431\u0443\u0434\u044c \u043b\u0430\u0441\u043a\u0430, \u0437\u0432\u0435\u0440\u043d\u0456\u0442\u044c\u0441\u044f \u0434\u043e <b>ITSUPPORT@BINTIGROUP.COM<\/b>\t\t\t\t\t\t<\/div>\n\t\t\t\t<\/div>\n\t\t\t\t\t<\/div>\n\t\t<\/div>\n\t\t\t\t\t\t\t<\/div>\n\t\t<\/section>\n\t\t\t\t<section class=\"elementor-section elementor-top-section elementor-element elementor-element-f8aa4eb elementor-section-full_width elementor-section-height-default elementor-section-height-default\" data-id=\"f8aa4eb\" data-element_type=\"section\">\n\t\t\t\t\t\t\t<div class=\"elementor-background-overlay\"><\/div>\n\t\t\t\t\t\t\t<div class=\"elementor-container elementor-column-gap-no\">\n\t\t\t\t\t<div class=\"elementor-column elementor-col-100 elementor-top-column elementor-element elementor-element-8e4c557\" data-id=\"8e4c557\" data-element_type=\"column\">\n\t\t\t<div class=\"elementor-widget-wrap elementor-element-populated\">\n\t\t\t\t\t\t\t\t<div class=\"elementor-element elementor-element-2dd361e elementor-widget elementor-widget-heading\" data-id=\"2dd361e\" data-element_type=\"widget\" data-widget_type=\"heading.default\">\n\t\t\t\t<div class=\"elementor-widget-container\">\n\t\t\t<h6 class=\"elementor-heading-title elementor-size-default\">\n<div class=\"um um-login um-1212\">\n\t<div class=\"um-form\">\n\t\t<form method=\"post\" action=\"\" autocomplete=\"off\" data-trp-original-action=\"\">\n\t\t\t<div class=\"um-row _um_row_1\" style=\"margin: 0 0 30px 0;\"><div class=\"um-col-1\"><div  id=\"um_field_1212_username\" class=\"um-field um-field-text  um-field-username um-field-text um-field-type_text\" data-key=\"username\"><div class=\"um-field-label\"><label for=\"username-1212\">U\u017eivatelsk\u00e9 jm\u00e9no nebo E-mail<\/label><div class=\"um-clear\"><\/div><\/div><div class=\"um-field-area\"><input  autocomplete=\"off\" class=\"um-form-field valid\" type=\"text\" name=\"username-1212\" id=\"username-1212\" value=\"\" placeholder=\"\" data-validate=\"\" data-key=\"username\"  aria-invalid=\"false\" \/>\n\n\t\t\t\t\t\t<\/div><\/div><div  id=\"um_field_1212_user_password\" class=\"um-field um-field-password  um-field-user_password um-field-password um-field-type_password\" data-key=\"user_password\"><div class=\"um-field-label\"><label for=\"user_password-1212\">Heslo<\/label><div class=\"um-clear\"><\/div><\/div><div class=\"um-field-area\"><input class=\"um-form-field valid\" type=\"password\" name=\"user_password-1212\" id=\"user_password-1212\" value=\"\" placeholder=\"\" data-validate=\"\" data-key=\"user_password\"  aria-invalid=\"false\" \/>\n\n\t\t\t\t\t\t\t<\/div><\/div><\/div><\/div>\t<input type=\"hidden\" name=\"form_id\" id=\"form_id_1212\" value=\"1212\" \/>\n\t\t<p class=\"um_request_name\">\n\t\t<label for=\"um_request_1212\">Only fill in if you are not human<\/label>\n\t\t<input type=\"hidden\" name=\"um_request\" id=\"um_request_1212\" class=\"input\" value=\"\" size=\"25\" autocomplete=\"off\" \/>\n\t<\/p>\n\t<input type=\"hidden\" name=\"redirect_to\" id=\"redirect_to\" value=\"https:\/\/bintigroup.com\/portal\" \/><input type=\"hidden\" id=\"_wpnonce\" name=\"_wpnonce\" value=\"92bd79bf34\" \/><input type=\"hidden\" name=\"_wp_http_referer\" value=\"\/uk\/wp-json\/wp\/v2\/pages\/21\" \/>\n\t<div class=\"um-col-alt\">\n\n\t\t\n\t\t\t<div class=\"um-left um-half\">\n\t\t\t\t<input type=\"submit\" value=\"P\u0159ihl\u00e1\u0161en\u00ed\" class=\"um-button\" id=\"um-submit-btn\" \/>\n\t\t\t<\/div>\n\t\t\t<div class=\"um-right um-half\">\n\t\t\t\t<a href=\"https:\/\/bintigroup.com\/uk\/reg\/\" class=\"um-button um-alt\">\n\t\t\t\t\t\u0420\u0435\u0454\u0441\u0442\u0440\u0430\u0446\u0456\u044f\t\t\t\t<\/a>\n\t\t\t<\/div>\n\n\t\t\n\t\t<div class=\"um-clear\"><\/div>\n\n\t<\/div>\n\n\t\n\t<div class=\"um-col-alt-b\">\n\t\t<a href=\"https:\/\/bintigroup.com\/uk\/%d0%bf%d0%b0%d1%80%d0%be%d0%bb%d1%8c\/\" class=\"um-link-alt\">\n\t\t\t\u0417\u0430\u0431\u0443\u043b\u0438 \u043f\u0430\u0440\u043e\u043b\u044c?\t\t<\/a>\n\t<\/div>\n\n\t\t\t<input type=\"hidden\" name=\"trp-form-language\" value=\"uk\"\/><\/form>\n\t<\/div>\n<\/div>\n<style>\n\t\t\t.um-1212.um {\n\t\t\tmax-width: 450px;\n\t\t}\n\t\t<\/style>\n<\/h6>\t\t<\/div>\n\t\t\t\t<\/div>\n\t\t\t\t\t<\/div>\n\t\t<\/div>\n\t\t\t\t\t\t\t<\/div>\n\t\t<\/section>\n\t\t\t\t<section class=\"elementor-section elementor-top-section elementor-element elementor-element-248cfae elementor-section-full_width elementor-section-height-min-height elementor-section-items-stretch elementor-section-height-default\" data-id=\"248cfae\" data-element_type=\"section\" data-settings=\"{&quot;background_background&quot;:&quot;classic&quot;}\">\n\t\t\t\t\t\t\t<div class=\"elementor-background-overlay\"><\/div>\n\t\t\t\t\t\t\t<div class=\"elementor-container elementor-column-gap-no\">\n\t\t\t\t\t<div class=\"elementor-column elementor-col-100 elementor-top-column elementor-element elementor-element-0040ec4\" data-id=\"0040ec4\" data-element_type=\"column\" data-settings=\"{&quot;background_background&quot;:&quot;classic&quot;}\">\n\t\t\t<div class=\"elementor-widget-wrap elementor-element-populated\">\n\t\t\t\t\t<div class=\"elementor-background-overlay\"><\/div>\n\t\t\t\t\t\t\t\t<div class=\"elementor-element elementor-element-38e6dc3 elementor-widget elementor-widget-icon-box\" data-id=\"38e6dc3\" data-element_type=\"widget\" data-widget_type=\"icon-box.default\">\n\t\t\t\t<div class=\"elementor-widget-container\">\n\t\t\t<link rel=\"stylesheet\" href=\"https:\/\/bintigroup.com\/wp-content\/uploads\/elementor\/css\/custom-widget-icon-box.min.css?ver=1714752539\">\t\t<div class=\"elementor-icon-box-wrapper\">\n\t\t\t\t\t\t<div class=\"elementor-icon-box-content\">\n\t\t\t\t<h2 class=\"elementor-icon-box-title\">\n\t\t\t\t\t<span  >\n\t\t\t\t\t\t\u0412\u0430\u0448 \u0448\u043b\u044f\u0445 \u0434\u043e \u0443\u0441\u043f\u0456\u0445\u0443. \u041f\u043e\u0440\u0430\u0434\u0438 \u0434\u043b\u044f \u0432\u0438\u0431\u0430\u0433\u043b\u0438\u0432\u0438\u0445.\t\t\t\t\t<\/span>\n\t\t\t\t<\/h2>\n\t\t\t\t\t\t\t\t\t<p class=\"elementor-icon-box-description\">\n\t\t\t\t\t\t\u0417 \u043d\u0430\u043c\u0438 \u0432\u0438 \u0434\u043e\u0441\u044f\u0433\u043d\u0435\u0442\u0435 \u0444\u0456\u043d\u0430\u043d\u0441\u043e\u0432\u043e\u0457 \u0441\u0442\u0430\u0431\u0456\u043b\u044c\u043d\u043e\u0441\u0442\u0456 \u0437 \u0442\u043e\u0447\u043d\u0456\u0441\u0442\u044e \u0442\u0430 \u0432\u043f\u0435\u0432\u043d\u0435\u043d\u0456\u0441\u0442\u044e. \u041d\u0430\u0448\u0430 \u043f\u0440\u0438\u0441\u0442\u0440\u0430\u0441\u0442\u044c \u0434\u043e \u0434\u043e\u0441\u043a\u043e\u043d\u0430\u043b\u043e\u0441\u0442\u0456 \u0442\u0430 \u0456\u043d\u0434\u0438\u0432\u0456\u0434\u0443\u0430\u043b\u044c\u043d\u0438\u0439 \u043f\u0456\u0434\u0445\u0456\u0434 \u0433\u0430\u0440\u0430\u043d\u0442\u0443\u044e\u0442\u044c, \u0449\u043e \u043c\u0438 \u0431\u0443\u0434\u0435\u043c\u043e \u0437 \u0432\u0430\u043c\u0438 \u043d\u0430 \u043a\u043e\u0436\u043d\u043e\u043c\u0443 \u043a\u0440\u043e\u0446\u0456 \u0446\u0456\u0454\u0457 \u0437\u0430\u0445\u043e\u043f\u043b\u044e\u044e\u0447\u043e\u0457 \u043f\u043e\u0434\u043e\u0440\u043e\u0436\u0456.\t\t\t\t\t<\/p>\n\t\t\t\t\t\t\t<\/div>\n\t\t<\/div>\n\t\t\t\t<\/div>\n\t\t\t\t<\/div>\n\t\t\t\t\t<\/div>\n\t\t<\/div>\n\t\t\t\t\t\t\t<\/div>\n\t\t<\/section>\n\t\t\t\t\t\t\t<\/div>","protected":false},"excerpt":{"rendered":"<p>Klientsk\u00fd p\u0159\u00edstup Pou\u017eijte V\u00e1m p\u0159id\u011blen\u00e9 p\u0159ihla\u0161ovac\u00ed \u00fadaje. V p\u0159\u00edpad\u011b pot\u00ed\u017e\u00ed kontaktujte ITSUPPORT@BINTIGROUP.COM Va\u0161e cesta k \u00fasp\u011bchu. Poradenstv\u00ed pro n\u00e1ro\u010dn\u00e9. S n\u00e1mi dos\u00e1hnete finan\u010dn\u00ed stability s preciznost\u00ed a d\u016fv\u011brou. Na\u0161e v\u00e1\u0161e\u0148 pro excelenci a individu\u00e1ln\u00ed p\u0159\u00edstup jsou z\u00e1rukou, \u017ee budeme s V\u00e1mi ka\u017ed\u00fdm krokem na t\u00e9to vzru\u0161uj\u00edc\u00ed cest\u011b.<\/p>","protected":false},"author":1,"featured_media":0,"parent":0,"menu_order":0,"comment_status":"closed","ping_status":"closed","template":"","meta":{"site-sidebar-layout":"no-sidebar","site-content-layout":"page-builder","ast-site-content-layout":"","site-content-style":"default","site-sidebar-style":"default","ast-global-header-display":"","ast-banner-title-visibility":"","ast-main-header-display":"","ast-hfb-above-header-display":"","ast-hfb-below-header-display":"","ast-hfb-mobile-header-display":"","site-post-title":"disabled","ast-breadcrumbs-content":"","ast-featured-img":"disabled","footer-sml-layout":"","theme-transparent-header-meta":"enabled","adv-header-id-meta":"","stick-header-meta":"","header-above-stick-meta":"","header-main-stick-meta":"","header-below-stick-meta":"","astra-migrate-meta-layouts":"default","ast-page-background-enabled":"default","ast-page-background-meta":{"desktop":{"background-color":"var(--ast-global-color-4)","background-image":"","background-repeat":"repeat","background-position":"center center","background-size":"auto","background-attachment":"scroll","background-type":"","background-media":"","overlay-type":"","overlay-color":"","overlay-gradient":""},"tablet":{"background-color":"","background-image":"","background-repeat":"repeat","background-position":"center center","background-size":"auto","background-attachment":"scroll","background-type":"","background-media":"","overlay-type":"","overlay-color":"","overlay-gradient":""},"mobile":{"background-color":"","background-image":"","background-repeat":"repeat","background-position":"center center","background-size":"auto","background-attachment":"scroll","background-type":"","background-media":"","overlay-type":"","overlay-color":"","overlay-gradient":""}},"ast-content-background-meta":{"desktop":{"background-color":"var(--ast-global-color-5)","background-image":"","background-repeat":"repeat","background-position":"center center","background-size":"auto","background-attachment":"scroll","background-type":"","background-media":"","overlay-type":"","overlay-color":"","overlay-gradient":""},"tablet":{"background-color":"var(--ast-global-color-5)","background-image":"","background-repeat":"repeat","background-position":"center center","background-size":"auto","background-attachment":"scroll","background-type":"","background-media":"","overlay-type":"","overlay-color":"","overlay-gradient":""},"mobile":{"background-color":"var(--ast-global-color-5)","background-image":"","background-repeat":"repeat","background-position":"center center","background-size":"auto","background-attachment":"scroll","background-type":"","background-media":"","overlay-type":"","overlay-color":"","overlay-gradient":""}},"footnotes":""},"class_list":["post-21","page","type-page","status-publish","hentry"],"_links":{"self":[{"href":"https:\/\/bintigroup.com\/uk\/wp-json\/wp\/v2\/pages\/21","targetHints":{"allow":["GET"]}}],"collection":[{"href":"https:\/\/bintigroup.com\/uk\/wp-json\/wp\/v2\/pages"}],"about":[{"href":"https:\/\/bintigroup.com\/uk\/wp-json\/wp\/v2\/types\/page"}],"author":[{"embeddable":true,"href":"https:\/\/bintigroup.com\/uk\/wp-json\/wp\/v2\/users\/1"}],"replies":[{"embeddable":true,"href":"https:\/\/bintigroup.com\/uk\/wp-json\/wp\/v2\/comments?post=21"}],"version-history":[{"count":44,"href":"https:\/\/bintigroup.com\/uk\/wp-json\/wp\/v2\/pages\/21\/revisions"}],"predecessor-version":[{"id":2994,"href":"https:\/\/bintigroup.com\/uk\/wp-json\/wp\/v2\/pages\/21\/revisions\/2994"}],"wp:attachment":[{"href":"https:\/\/bintigroup.com\/uk\/wp-json\/wp\/v2\/media?parent=21"}],"curies":[{"name":"wp","href":"https:\/\/api.w.org\/{rel}","templated":true}]}}