{"id":17816,"date":"2025-08-30T07:57:34","date_gmt":"2025-08-30T05:57:34","guid":{"rendered":"https:\/\/bintigroup.com\/reality\/?page_id=17816"},"modified":"2025-08-30T09:31:32","modified_gmt":"2025-08-30T07:31:32","slug":"invest","status":"publish","type":"page","link":"https:\/\/bintigroup.com\/reality\/invest\/","title":{"rendered":"V\u00fdvoj investice"},"content":{"rendered":"\t\t<div data-elementor-type=\"wp-page\" data-elementor-id=\"17816\" class=\"elementor elementor-17816\">\n\t\t\t\t\t\t<section class=\"elementor-section elementor-top-section elementor-element elementor-element-1 elementor-section-stretched elementor-section-height-min-height elementor-section-boxed elementor-section-height-default elementor-section-items-middle\" data-id=\"1\" data-element_type=\"section\" data-settings=\"{&quot;stretch_section&quot;:&quot;section-stretched&quot;,&quot;background_background&quot;:&quot;slideshow&quot;,&quot;background_slideshow_gallery&quot;:[{&quot;id&quot;:17501,&quot;url&quot;:&quot;https:\\\/\\\/bintigroup.com\\\/reality\\\/wp-content\\\/uploads\\\/2025\\\/08\\\/1-scaled.jpg&quot;},{&quot;id&quot;:17502,&quot;url&quot;:&quot;https:\\\/\\\/bintigroup.com\\\/reality\\\/wp-content\\\/uploads\\\/2025\\\/08\\\/2-scaled.jpg&quot;},{&quot;id&quot;:17503,&quot;url&quot;:&quot;https:\\\/\\\/bintigroup.com\\\/reality\\\/wp-content\\\/uploads\\\/2025\\\/08\\\/3-scaled.jpg&quot;}],&quot;background_slideshow_ken_burns&quot;:&quot;yes&quot;,&quot;background_slideshow_loop&quot;:&quot;yes&quot;,&quot;background_slideshow_slide_duration&quot;:5000,&quot;background_slideshow_slide_transition&quot;:&quot;fade&quot;,&quot;background_slideshow_transition_duration&quot;:500,&quot;background_slideshow_ken_burns_zoom_direction&quot;:&quot;in&quot;}\">\n\t\t\t\t\t\t\t<div class=\"elementor-background-overlay\"><\/div>\n\t\t\t\t\t\t\t<div class=\"elementor-container elementor-column-gap-default\">\n\t\t\t\t\t<div class=\"elementor-column elementor-col-100 elementor-top-column elementor-element elementor-element-3\" data-id=\"3\" data-element_type=\"column\">\n\t\t\t<div class=\"elementor-widget-wrap elementor-element-populated\">\n\t\t\t\t\t\t<section class=\"elementor-section elementor-inner-section elementor-element elementor-element-4 elementor-section-boxed elementor-section-height-default elementor-section-height-default\" data-id=\"4\" data-element_type=\"section\">\n\t\t\t\t\t\t<div class=\"elementor-container elementor-column-gap-default\">\n\t\t\t\t\t<div class=\"elementor-column elementor-col-100 elementor-inner-column elementor-element elementor-element-5\" data-id=\"5\" data-element_type=\"column\">\n\t\t\t<div class=\"elementor-widget-wrap elementor-element-populated\">\n\t\t\t\t\t\t<div class=\"elementor-element elementor-element-6 elementor-widget elementor-widget-spacer\" data-id=\"6\" data-element_type=\"widget\" data-widget_type=\"spacer.default\">\n\t\t\t\t\t\t\t<div class=\"elementor-spacer\">\n\t\t\t<div class=\"elementor-spacer-inner\"><\/div>\n\t\t<\/div>\n\t\t\t\t\t\t<\/div>\n\t\t\t\t<div class=\"elementor-element elementor-element-7 animated-slow elementor-invisible elementor-widget elementor-widget-houzez_elementor_section_title\" data-id=\"7\" data-element_type=\"widget\" data-settings=\"{&quot;_animation&quot;:&quot;fadeIn&quot;}\" data-widget_type=\"houzez_elementor_section_title.default\">\n\t\t\t\t<div class=\"elementor-widget-container\">\n\t\t\t\t\t            <div class=\"houzez_section_title_wrap section-title-module\">\n                                    <h2 class=\"houzez_section_title\">V\u00fdhodn\u00e1 investice<\/h2>\n                \n                                    <p class=\"houzez_section_subtitle\">Reality ve \u0160pan\u011blskou jsou velmi ziskovou investic\u00ed. Spo\u010d\u00edtejte si sami jej\u00ed n\u00e1vratnost a mo\u017en\u00fd v\u00fdnos.<\/p>\n                            <\/div>\n            \t\t\t\t<\/div>\n\t\t\t\t<\/div>\n\t\t\t\t<div class=\"elementor-element elementor-element-49025b1 elementor-align-center elementor-widget elementor-widget-button\" data-id=\"49025b1\" data-element_type=\"widget\" data-widget_type=\"button.default\">\n\t\t\t\t\t\t\t\t\t\t<a class=\"elementor-button elementor-button-link elementor-size-sm\" href=\"https:\/\/bintigroup.com\/reality\">\n\t\t\t\t\t\t<span class=\"elementor-button-content-wrapper\">\n\t\t\t\t\t\t\t\t\t<span class=\"elementor-button-text\">Zp\u011bt<\/span>\n\t\t\t\t\t<\/span>\n\t\t\t\t\t<\/a>\n\t\t\t\t\t\t\t\t<\/div>\n\t\t\t\t\t<\/div>\n\t\t<\/div>\n\t\t\t\t\t<\/div>\n\t\t<\/section>\n\t\t\t\t\t<\/div>\n\t\t<\/div>\n\t\t\t\t\t<\/div>\n\t\t<\/section>\n\t\t\t\t<section class=\"elementor-section elementor-top-section elementor-element elementor-element-9cdc799 elementor-section-boxed elementor-section-height-default elementor-section-height-default\" data-id=\"9cdc799\" data-element_type=\"section\" data-settings=\"{&quot;background_background&quot;:&quot;classic&quot;,&quot;shape_divider_bottom&quot;:&quot;tilt&quot;}\">\n\t\t\t\t\t\t\t<div class=\"elementor-background-overlay\"><\/div>\n\t\t\t\t\t\t<div class=\"elementor-shape elementor-shape-bottom\" aria-hidden=\"true\" data-negative=\"false\">\n\t\t\t<svg xmlns=\"http:\/\/www.w3.org\/2000\/svg\" viewBox=\"0 0 1000 100\" preserveAspectRatio=\"none\">\n\t<path class=\"elementor-shape-fill\" d=\"M0,6V0h1000v100L0,6z\"\/>\n<\/svg>\t\t<\/div>\n\t\t\t\t\t<div class=\"elementor-container elementor-column-gap-default\">\n\t\t\t\t\t<div class=\"elementor-column elementor-col-100 elementor-top-column elementor-element elementor-element-1282218\" data-id=\"1282218\" data-element_type=\"column\">\n\t\t\t<div class=\"elementor-widget-wrap elementor-element-populated\">\n\t\t\t\t\t\t<div class=\"elementor-element elementor-element-48b9d51 elementor-widget elementor-widget-spacer\" data-id=\"48b9d51\" data-element_type=\"widget\" data-widget_type=\"spacer.default\">\n\t\t\t\t\t\t\t<div class=\"elementor-spacer\">\n\t\t\t<div class=\"elementor-spacer-inner\"><\/div>\n\t\t<\/div>\n\t\t\t\t\t\t<\/div>\n\t\t\t\t<div class=\"elementor-element elementor-element-8a6b09d elementor-widget elementor-widget-html\" data-id=\"8a6b09d\" data-element_type=\"widget\" data-widget_type=\"html.default\">\n\t\t\t\t\t<br><br><br>\t\t\t\t<\/div>\n\t\t\t\t\t<\/div>\n\t\t<\/div>\n\t\t\t\t\t<\/div>\n\t\t<\/section>\n\t\t\t\t<section class=\"elementor-section elementor-top-section elementor-element elementor-element-75 elementor-section-content-middle elementor-section-stretched elementor-section-full_width elementor-section-height-default elementor-section-height-default\" data-id=\"75\" data-element_type=\"section\" data-settings=\"{&quot;stretch_section&quot;:&quot;section-stretched&quot;,&quot;background_background&quot;:&quot;classic&quot;}\">\n\t\t\t\t\t\t<div class=\"elementor-container elementor-column-gap-wide\">\n\t\t\t\t\t<div class=\"elementor-column elementor-col-100 elementor-top-column elementor-element elementor-element-76\" data-id=\"76\" data-element_type=\"column\">\n\t\t\t<div class=\"elementor-widget-wrap elementor-element-populated\">\n\t\t\t\t\t\t<div class=\"elementor-element elementor-element-94ca6c4 elementor-widget elementor-widget-html\" data-id=\"94ca6c4\" data-element_type=\"widget\" data-widget_type=\"html.default\">\n\t\t\t\t\t<!doctype html>\n<html lang=\"cs\">\n<head>\n  <meta charset=\"utf-8\" \/>\n  <meta name=\"viewport\" content=\"width=device-width, initial-scale=1\" \/>\n  <title>Kalkula\u010dka v\u00fdnosnosti investice<\/title>\n  <style>\n    :root{\n      --bg:#f6f8fb;\n      --card:#ffffff;\n      --text:#0f172a;\n      --accent:#2563eb;\n      --ring:#93c5fd;\n      --border:#e5e7eb;\n      --shadow: 0 10px 25px rgba(0,0,0,.06);\n      --radius:16px;\n    }\n    body{\n      margin:0;\n      font-family: ui-sans-serif, system-ui, -apple-system, Segoe UI, Roboto, Helvetica, Arial;\n      color:var(--text);\n      background:linear-gradient(135deg,#7b91ac 0%, #8196b0 35%, #879fb8 100%) fixed;\n    }\n    .wrap{max-width:1040px;margin:40px auto;padding:16px;}\n    .card{\n      background:var(--card);\n      border:1px solid var(--border);\n      border-radius:var(--radius);\n      box-shadow:var(--shadow);\n    }\n    .card-header{display:flex;align-items:center;gap:12px;padding:22px 24px;border-bottom:1px solid var(--border);}\n    .card-header h1{font-size:22px;margin:0;}\n    .grid{display:grid;grid-template-columns:repeat(2,1fr);gap:18px;padding:22px 24px 10px;}\n    @media(max-width:820px){.grid{grid-template-columns:1fr}}\n    .field{display:flex;flex-direction:column;gap:8px;}\n    .label {\n  font-size:14px;\n  color:#004274;       \/* modr\u00e1 barva textu *\/\n  font-weight:600;\n  text-transform:uppercase;\n  background:transparent !important;  \/* odstran\u00ed \u0161ed\u00e9 pozad\u00ed *\/\n  padding:0;            \/* zru\u0161\u00ed p\u0159\u00edpadn\u00e9 vnit\u0159n\u00ed odsazen\u00ed *\/\n  border:none;          \/* jistota, \u017ee se nezobrazuje r\u00e1me\u010dek *\/\n  display:inline-block; \/* label se chov\u00e1 jako text *\/\n}\n\n    .input{display:flex;align-items:center;border:1px solid var(--border);border-radius:12px;padding:10px 12px;background:white;}\n    .input input{width:100%;font-size:16px;border:0;outline:0;background:transparent;}\n    .suffix{color:#004274;margin-left:8px;font-size:14px;white-space:nowrap;}\n    .results{display:grid;grid-template-columns:repeat(3,1fr);gap:16px;padding:8px 24px 22px;}\n    @media(max-width:820px){.results{grid-template-columns:1fr}}\n    .kpi{border:1px solid var(--border);border-radius:14px;padding:18px;background:#fff;}\n    .kpi small{display:block;color:#004274;margin-bottom:6px;font-weight:600;}\n    .kpi .value{font-size:28px;font-weight:800;}\n    .note{padding:0 24px 22px;color:#004274;font-size:13px;}\n  <\/style>\n<\/head>\n<body>\n  <div class=\"wrap\">\n    <div class=\"card\">\n      <div class=\"card-header\">\n        <h1>Kalkula\u010dka v\u00fdnosnosti investice<\/h1>\n      <\/div>\n\n      <div class=\"grid\">\n        <div class=\"field\">\n          <label class=\"label\" for=\"price\">Po\u0159izovac\u00ed cena (K\u010d)<\/label>\n          <div class=\"input\"><input id=\"price\" type=\"text\" value=\"2.500.000\" \/><\/div>\n        <\/div>\n\n        <div class=\"field\">\n          <label class=\"label\" for=\"daily\">Cena za pron\u00e1jem za den (K\u010d)<\/label>\n          <div class=\"input\"><input id=\"daily\" type=\"text\" value=\"2.500\" \/><\/div>\n        <\/div>\n\n        <div class=\"field\">\n          <label class=\"label\" for=\"occ\">Obsazenost (%)<\/label>\n          <div class=\"input\"><input id=\"occ\" type=\"text\" value=\"66\" \/><span class=\"suffix\">%<\/span><\/div>\n        <\/div>\n\n        <div class=\"field\">\n          <label class=\"label\" for=\"monthlyCosts\">N\u00e1klady m\u011bs\u00ed\u010dn\u011b (K\u010d)<\/label>\n          <div class=\"input\"><input id=\"monthlyCosts\" type=\"text\" value=\"5.000\" \/><\/div>\n        <\/div>\n\n        <div class=\"field\">\n          <label class=\"label\" for=\"years\">Obdob\u00ed (roky)<\/label>\n          <div class=\"input\"><input id=\"years\" type=\"text\" value=\"5\" \/><\/div>\n        <\/div>\n      <\/div>\n\n      <div class=\"results\">\n        <div class=\"kpi\"><small>Celkov\u00e1 v\u00fdnosnost<\/small><div id=\"totalYield\" class=\"value\">\u2013<\/div><\/div>\n        <div class=\"kpi\"><small>V\u00fdnosnost v&nbsp;% p.a.<\/small><div id=\"roiPct\" class=\"value\">\u2013<\/div><\/div>\n        <div class=\"kpi\"><small>N\u00e1vratnost po\u010d\u00e1te\u010dn\u00ed investice<\/small><div id=\"payback\" class=\"value\">\u2013<\/div><\/div>\n      <\/div>\n\n      <div class=\"note\">* V\u00fdpo\u010dty jsou orienta\u010dn\u00ed a nezahrnuj\u00ed dan\u011b, poji\u0161t\u011bn\u00ed a mimo\u0159\u00e1dn\u00e9 v\u00fddaje.<\/div>\n    <\/div>\n  <\/div>\n\n  <script>\n    \/\/ form\u00e1tov\u00e1n\u00ed \u010d\u00edsel s te\u010dkami\n    function formatNumber(num) {\n      return num.toString().replace(\/\\B(?=(\\d{3})+(?!\\d))\/g, \".\");\n    }\n    function parseNumber(str) {\n      return Number(str.replace(\/\\.\/g, \"\").replace(\",\", \".\"));\n    }\n    function formatCZK(num) {\n      return formatNumber(num.toFixed(0)) + \" K\u010d\";\n    }\n\n    const fmtPct = new Intl.NumberFormat('cs-CZ', { style: 'percent', minimumFractionDigits: 2, maximumFractionDigits: 2 });\n\n    const fields = {\n      price: document.getElementById('price'),\n      daily: document.getElementById('daily'),\n      occ: document.getElementById('occ'),\n      monthly: document.getElementById('monthlyCosts'),\n      years: document.getElementById('years')\n    };\n\n    const totalYieldEl = document.getElementById('totalYield');\n    const roiPctEl = document.getElementById('roiPct');\n    const paybackEl = document.getElementById('payback');\n\n    function sanitizeInput(el) {\n      let raw = el.value.replace(\/\\s\/g, \"\");\n      let num = parseNumber(raw);\n      if (isNaN(num)) num = 0;\n      \/\/ form\u00e1tov\u00e1n\u00ed p\u0159\u00edmo b\u011bhem psan\u00ed\n      el.value = formatNumber(num);\n      return num;\n    }\n\n    function compute() {\n      const price = sanitizeInput(fields.price);\n      const daily = sanitizeInput(fields.daily);\n      const occupancyPct = Math.min(100, Math.max(0, sanitizeInput(fields.occ)));\n      const monthlyCosts = sanitizeInput(fields.monthly);\n      const years = Math.max(1, Math.round(sanitizeInput(fields.years)));\n\n      const grossPerYear = daily * 365 * (occupancyPct \/ 100);\n      const costsPerYear = monthlyCosts * 12;\n      const netPerYear = Math.max(0, grossPerYear - costsPerYear);\n\n      const totalYield = netPerYear * years;\n      const roiPercentPerYear = price > 0 ? (netPerYear \/ price) : 0;\n      const paybackYears = netPerYear > 0 ? (price \/ netPerYear) : Infinity;\n\n      totalYieldEl.textContent = formatCZK(totalYield);\n      roiPctEl.textContent = fmtPct.format(roiPercentPerYear);\n      paybackEl.textContent = (paybackYears === Infinity)\n        ? '\u2014'\n        : `${paybackYears.toFixed(1).replace('.', ',')} let`;\n    }\n\n    Object.values(fields).forEach(inp => {\n      inp.addEventListener('input', compute);\n      inp.addEventListener('blur', compute);\n    });\n\n    compute();\n  <\/script>\n<\/body>\n<\/html>\n\t\t\t\t<\/div>\n\t\t\t\t<div class=\"elementor-element elementor-element-77 elementor-widget elementor-widget-houzez_elementor_space\" data-id=\"77\" data-element_type=\"widget\" data-widget_type=\"houzez_elementor_space.default\">\n\t\t\t\t<div class=\"elementor-widget-container\">\n\t\t\t\t\t        <div class=\"houzez-spacer\">\n            <div class=\"houzez-spacer-inner\"><\/div>\n        <\/div>\n        \t\t\t\t<\/div>\n\t\t\t\t<\/div>\n\t\t\t\t<div class=\"elementor-element elementor-element-84 elementor-widget elementor-widget-houzez_elementor_space\" data-id=\"84\" data-element_type=\"widget\" data-widget_type=\"houzez_elementor_space.default\">\n\t\t\t\t<div class=\"elementor-widget-container\">\n\t\t\t\t\t        <div class=\"houzez-spacer\">\n            <div class=\"houzez-spacer-inner\"><\/div>\n        <\/div>\n        \t\t\t\t<\/div>\n\t\t\t\t<\/div>\n\t\t\t\t\t<\/div>\n\t\t<\/div>\n\t\t\t\t\t<\/div>\n\t\t<\/section>\n\t\t\t\t<section class=\"elementor-section elementor-top-section elementor-element elementor-element-8 elementor-section-boxed elementor-section-height-default elementor-section-height-default\" data-id=\"8\" data-element_type=\"section\" id=\"onas\" data-settings=\"{&quot;background_background&quot;:&quot;classic&quot;,&quot;shape_divider_bottom&quot;:&quot;tilt&quot;}\">\n\t\t\t\t\t\t\t<div class=\"elementor-background-overlay\"><\/div>\n\t\t\t\t\t\t<div class=\"elementor-shape elementor-shape-bottom\" aria-hidden=\"true\" data-negative=\"false\">\n\t\t\t<svg xmlns=\"http:\/\/www.w3.org\/2000\/svg\" viewBox=\"0 0 1000 100\" preserveAspectRatio=\"none\">\n\t<path class=\"elementor-shape-fill\" d=\"M0,6V0h1000v100L0,6z\"\/>\n<\/svg>\t\t<\/div>\n\t\t\t\t\t<div class=\"elementor-container elementor-column-gap-default\">\n\t\t\t\t\t<div class=\"elementor-column elementor-col-100 elementor-top-column elementor-element elementor-element-9\" data-id=\"9\" data-element_type=\"column\">\n\t\t\t<div class=\"elementor-widget-wrap elementor-element-populated\">\n\t\t\t\t\t\t<div class=\"elementor-element elementor-element-10 elementor-widget elementor-widget-spacer\" data-id=\"10\" data-element_type=\"widget\" data-widget_type=\"spacer.default\">\n\t\t\t\t\t\t\t<div class=\"elementor-spacer\">\n\t\t\t<div class=\"elementor-spacer-inner\"><\/div>\n\t\t<\/div>\n\t\t\t\t\t\t<\/div>\n\t\t\t\t<div class=\"elementor-element elementor-element-129a1e5 elementor-widget elementor-widget-html\" data-id=\"129a1e5\" data-element_type=\"widget\" data-widget_type=\"html.default\">\n\t\t\t\t\t<br><br><br>\t\t\t\t<\/div>\n\t\t<div class=\"elementor-element elementor-element-80 e-grid e-con-boxed e-con e-parent\" data-id=\"80\" data-element_type=\"container\" data-settings=\"{&quot;background_background&quot;:&quot;classic&quot;}\">\n\t\t\t\t\t<div class=\"e-con-inner\">\n\t\t\t\t<div class=\"elementor-element elementor-element-81 elementor-widget elementor-widget-houzez_elementor_section_title\" data-id=\"81\" data-element_type=\"widget\" data-widget_type=\"houzez_elementor_section_title.default\">\n\t\t\t\t<div class=\"elementor-widget-container\">\n\t\t\t\t\t            <div class=\"houzez_section_title_wrap section-title-module\">\n                                    <h2 class=\"houzez_section_title\">BINTI GROUP - Reality<\/h2>\n                \n                                    <p class=\"houzez_section_subtitle\">Exkluzivn\u00ed nemovitosti, exkluzivn\u00ed \u017eivotn\u00ed styl. Investujte do sv\u00e9 nemovitosti ve \u0160pan\u011blsku \u2013 v\u00e1\u0161 kl\u00ed\u010d k \u017eivotu zalit\u00e9mu sluncem.<\/p>\n                            <\/div>\n            \t\t\t\t<\/div>\n\t\t\t\t<\/div>\n\t\t\t\t<div class=\"elementor-element elementor-element-83 elementor-widget elementor-widget-houzez_elementor_section_title\" data-id=\"83\" data-element_type=\"widget\" data-widget_type=\"houzez_elementor_section_title.default\">\n\t\t\t\t<div class=\"elementor-widget-container\">\n\t\t\t\t\t            <div class=\"houzez_section_title_wrap section-title-module\">\n                                    <h2 class=\"houzez_section_title\">&nbsp;<\/h2>\n                \n                                    <p class=\"houzez_section_subtitle\">&nbsp;<\/p>\n                            <\/div>\n            \t\t\t\t<\/div>\n\t\t\t\t<\/div>\n\t\t\t\t<div class=\"elementor-element elementor-element-0322c8e elementor-widget elementor-widget-houzez_elementor_section_title\" data-id=\"0322c8e\" data-element_type=\"widget\" data-widget_type=\"houzez_elementor_section_title.default\">\n\t\t\t\t<div class=\"elementor-widget-container\">\n\t\t\t\t\t            <div class=\"houzez_section_title_wrap section-title-module\">\n                                    <h2 class=\"houzez_section_title\">Kontakt<\/h2>\n                \n                                    <p class=\"houzez_section_subtitle\">Adresa: Za z\u00e1me\u010dkem 745\/17, 158 00 Praha\n<br>I\u010cO: 02443953\n<br>Telefon:<a href=\"tel:+420724074740\"> +420 724 074 740<\/a>\n<br>Email: <a href=\"mailto:reality@bintigroup.com\">reality@bintigroup.com<\/a><\/p>\n                            <\/div>\n            \t\t\t\t<\/div>\n\t\t\t\t<\/div>\n\t\t\t\t\t<\/div>\n\t\t\t\t<\/div>\n\t\t\t\t<div class=\"elementor-element elementor-element-96ad225 elementor-widget elementor-widget-html\" data-id=\"96ad225\" data-element_type=\"widget\" data-widget_type=\"html.default\">\n\t\t\t\t\t<br><br><br><br>\t\t\t\t<\/div>\n\t\t\t\t\t<\/div>\n\t\t<\/div>\n\t\t\t\t\t<\/div>\n\t\t<\/section>\n\t\t\t\t<\/div>\n\t\t","protected":false},"excerpt":{"rendered":"<p>V\u00fdhodn\u00e1 investice Reality ve \u0160pan\u011blskou jsou velmi ziskovou investic\u00ed. Spo\u010d\u00edtejte si sami jej\u00ed n\u00e1vratnost a mo\u017en\u00fd v\u00fdnos. Zp\u011bt Kalkula\u010dka v\u00fdnosnosti investice Kalkula\u010dka v\u00fdnosnosti investice Po\u0159izovac\u00ed cena (K\u010d) Cena za pron\u00e1jem za den (K\u010d) Obsazenost (%) % N\u00e1klady m\u011bs\u00ed\u010dn\u011b (K\u010d) Obdob\u00ed (roky) Celkov\u00e1 v\u00fdnosnost\u2013 V\u00fdnosnost v&nbsp;% p.a.\u2013 N\u00e1vratnost po\u010d\u00e1te\u010dn\u00ed investice\u2013 * V\u00fdpo\u010dty jsou orienta\u010dn\u00ed a nezahrnuj\u00ed [&hellip;]<\/p>\n","protected":false},"author":1,"featured_media":0,"parent":0,"menu_order":0,"comment_status":"closed","ping_status":"closed","template":"template\/template-homepage.php","meta":{"footnotes":""},"class_list":["post-17816","page","type-page","status-publish","hentry"],"_links":{"self":[{"href":"https:\/\/bintigroup.com\/reality\/wp-json\/wp\/v2\/pages\/17816","targetHints":{"allow":["GET"]}}],"collection":[{"href":"https:\/\/bintigroup.com\/reality\/wp-json\/wp\/v2\/pages"}],"about":[{"href":"https:\/\/bintigroup.com\/reality\/wp-json\/wp\/v2\/types\/page"}],"author":[{"embeddable":true,"href":"https:\/\/bintigroup.com\/reality\/wp-json\/wp\/v2\/users\/1"}],"replies":[{"embeddable":true,"href":"https:\/\/bintigroup.com\/reality\/wp-json\/wp\/v2\/comments?post=17816"}],"version-history":[{"count":34,"href":"https:\/\/bintigroup.com\/reality\/wp-json\/wp\/v2\/pages\/17816\/revisions"}],"predecessor-version":[{"id":17990,"href":"https:\/\/bintigroup.com\/reality\/wp-json\/wp\/v2\/pages\/17816\/revisions\/17990"}],"wp:attachment":[{"href":"https:\/\/bintigroup.com\/reality\/wp-json\/wp\/v2\/media?parent=17816"}],"curies":[{"name":"wp","href":"https:\/\/api.w.org\/{rel}","templated":true}]}}